{"id":4503,"date":"2014-12-19T11:38:41","date_gmt":"2014-12-19T11:38:41","guid":{"rendered":"http:\/\/www.undsgn.com\/uncode\/?page_id=4503"},"modified":"2022-01-21T08:33:57","modified_gmt":"2022-01-21T08:33:57","slug":"home","status":"publish","type":"page","link":"https:\/\/caminodelacruzada.com\/es\/home\/","title":{"rendered":"Home"},"content":{"rendered":"<section class=\"wpb-content-wrapper\"><div class=\"sb-bg-slider-params sb-slider-data-source-row sb-slider-bg-type-cover\" data-source=\"row\" data-slider_attachments=\"https:\/\/caminodelacruzada.com\/wp-content\/uploads\/2019\/11\/pdorta16-Casa-Don\u0303a-Pilar-Detalle.jpg|https:\/\/caminodelacruzada.com\/wp-content\/uploads\/2021\/12\/CASA-PILAR_22.jpg|https:\/\/caminodelacruzada.com\/wp-content\/uploads\/2021\/12\/CAMINO-DE-LA-CRUZADA-EXTERIORES_05.jpg|https:\/\/caminodelacruzada.com\/wp-content\/uploads\/2021\/12\/CAMINO-DE-LA-CRUZADA-EXTERIORES_08.jpg|https:\/\/caminodelacruzada.com\/wp-content\/uploads\/2021\/12\/CAMINO-DE-LA-CRUZADA-EXTERIORES_06.jpg|https:\/\/caminodelacruzada.com\/wp-content\/uploads\/2021\/12\/CAMINO-DE-LA-CRUZADA-EXTERIORES_10.jpg|https:\/\/caminodelacruzada.com\/wp-content\/uploads\/2021\/12\/CASA-PILAR_01.jpg|https:\/\/caminodelacruzada.com\/wp-content\/uploads\/2021\/12\/CASA-PILAR_23.jpg|https:\/\/caminodelacruzada.com\/wp-content\/uploads\/2019\/11\/pdorta49-Casa-Don\u0303a-Pilar-Terraza-scaled.jpg\" data-animation_speed=\"750\" data-slide_duration=\"3000\" data-content_vertical_center=\"no\" data-centered_x=\"yes\" data-centered_y=\"yes\"  data-styles=\"\"><\/div><div data-parent=\"true\" class=\"vc_row row-container onepage-section\" data-label=\"Welcome\" data-name=\"welcome\" id=\"row-unique-0\"><div class=\"row-background background-element\" style=\"opacity: 1;\">\n\t\t\t\t\t\t\t\t\t\t\t<div class=\"background-wrapper\">\n\t\t\t\t\t\t\t\t\t\t\t\t<div class=\"background-inner\"><\/div>\n\t\t\t\t\t\t\t\t\t\t\t\t<div class=\"block-bg-overlay style-color-155677-bg\" style=\"opacity: 0.8;\"><\/div>\n\t\t\t\t\t\t\t\t\t\t\t<\/div>\n\t\t\t\t\t\t\t\t\t\t<\/div><div class=\"row full-width row-parent\" data-height-ratio=\"85\"><div class=\"wpb_row row-inner\"><div class=\"wpb_column pos-middle pos-center align_left column_parent col-lg-12 single-internal-gutter\"><div class=\"uncol style-dark\"  ><div class=\"uncoltable\"><div class=\"uncell no-block-padding\" ><div class=\"uncont\"><div class=\"vc_row row-internal row-container\"><div class=\"row col-double-gutter row-child\"><div class=\"wpb_row row-inner\"><div class=\"wpb_column pos-middle pos-center align_center align_center_tablet align_center_mobile column_child col-lg-12 col-md-100 single-internal-gutter\"><div class=\"uncol style-dark\" ><div class=\"uncoltable\"><div class=\"uncell no-block-padding\" ><div class=\"uncont\" style=\"max-width:75%;\"><div class=\"vc_custom_heading_wrap\"><div class=\"heading-text el-text bottom-t-top animate_when_almost_visible\" data-delay=\"1000\" data-speed=\"600\"><h1 class=\"font-377884 fontsize-195243 font-weight-400 text-color-xsdn-color\" ><span>La <em><strong>Hacienda Camino de la Cruzada <\/strong><\/em>supone una experiencia \u00fanica en una antigua hacienda agr\u00edcola canaria cuya construcci\u00f3n data de finales del siglo La XIX. Est\u00e1 inmersa en una finca de 10.000 m2 de producci\u00f3n ecol\u00f3gica de aguacates y de fincas de cultivo del pl\u00e1tano.<\/span><\/h1><hr class=\"separator-break\" \/><\/div><div class=\"clear\"><\/div><\/div><\/div><\/div><\/div><\/div><\/div><\/div><\/div><\/div><div class=\"vc_row row-internal row-container\"><div class=\"row col-double-gutter row-child\"><div class=\"wpb_row row-inner\"><div class=\"wpb_column pos-middle pos-center align_center align_center_tablet align_center_mobile column_child col-lg-12 col-md-100 single-internal-gutter\"><div class=\"uncol style-dark\" ><div class=\"uncoltable\"><div class=\"uncell no-block-padding\" ><div class=\"uncont\" style=\"max-width:60%;\"><div class=\"vc_custom_heading_wrap\"><div class=\"heading-text el-text bottom-t-top animate_when_almost_visible\" data-delay=\"2000\" data-speed=\"600\"><h5 class=\"h4 font-weight-400\" ><span>Est\u00e1 ubicada en el municipio de <strong><em>Los Silos<\/em><\/strong>, en el Noroeste de la m\u00e1gica isla de Tenerife.<\/p><\/span><span><p>&nbsp;<\/p><\/span><span><p>Si busca relaci\u00f3n con la naturaleza, pero sin renunciar a la exclusividad, a los espacios amplios y de dise\u00f1o, tranquilidad y silencio este es su lugar.<\/span><\/h5><\/div><div class=\"clear\"><\/div><\/div><div class=\"empty-space empty-single\" ><span class=\"empty-space-inner\"><\/span><\/div>\n<span class=\"btn-container btn-inline animate_when_almost_visible bottom-t-top\" data-delay=\"2000\"><a href=\"https:\/\/caminodelacruzada.com\/es\/villas\/\" class=\"custom-link btn border-width-1 btn-default btn-round btn-outline btn-icon-left\" title=\"Rooms\">VER VILLAS<\/a><\/span><\/div><\/div><\/div><\/div><\/div><\/div><\/div><\/div><\/div><\/div><\/div><\/div><\/div><script id=\"script-row-unique-0\" data-row=\"script-row-unique-0\" type=\"text\/javascript\" class=\"vc_controls\">UNCODE.initRow(document.getElementById(\"row-unique-0\"));<\/script><\/div><\/div><\/div>\n<\/section>","protected":false},"excerpt":{"rendered":"The Hacienda Camino de la Cruzada Farm emerged from an old agricultural Canarian estate, immersed in an organic avocado farm [...]","protected":false},"author":1,"featured_media":0,"parent":0,"menu_order":0,"comment_status":"open","ping_status":"closed","template":"","meta":{"_exactmetrics_skip_tracking":false,"_exactmetrics_sitenote_active":false,"_exactmetrics_sitenote_note":"","_exactmetrics_sitenote_category":0,"footnotes":""},"_links":{"self":[{"href":"https:\/\/caminodelacruzada.com\/es\/wp-json\/wp\/v2\/pages\/4503"}],"collection":[{"href":"https:\/\/caminodelacruzada.com\/es\/wp-json\/wp\/v2\/pages"}],"about":[{"href":"https:\/\/caminodelacruzada.com\/es\/wp-json\/wp\/v2\/types\/page"}],"author":[{"embeddable":true,"href":"https:\/\/caminodelacruzada.com\/es\/wp-json\/wp\/v2\/users\/1"}],"replies":[{"embeddable":true,"href":"https:\/\/caminodelacruzada.com\/es\/wp-json\/wp\/v2\/comments?post=4503"}],"version-history":[{"count":81,"href":"https:\/\/caminodelacruzada.com\/es\/wp-json\/wp\/v2\/pages\/4503\/revisions"}],"predecessor-version":[{"id":56192,"href":"https:\/\/caminodelacruzada.com\/es\/wp-json\/wp\/v2\/pages\/4503\/revisions\/56192"}],"wp:attachment":[{"href":"https:\/\/caminodelacruzada.com\/es\/wp-json\/wp\/v2\/media?parent=4503"}],"curies":[{"name":"wp","href":"https:\/\/api.w.org\/{rel}","templated":true}]}}