{"id":55367,"date":"2014-12-19T11:38:41","date_gmt":"2014-12-19T11:38:41","guid":{"rendered":"http:\/\/www.undsgn.com\/uncode\/?page_id=4503"},"modified":"2021-06-08T00:48:15","modified_gmt":"2021-06-08T00:48:15","slug":"villas","status":"publish","type":"page","link":"https:\/\/caminodelacruzada.com\/es\/villas\/","title":{"rendered":"Villas"},"content":{"rendered":"<section class=\"wpb-content-wrapper\"><div data-parent=\"true\" class=\"vc_row style-color-130307-bg row-container\" id=\"row-unique-0\"><div class=\"row no-top-padding no-bottom-padding no-h-padding full-width row-parent\"><div class=\"wpb_row shift_y_neg_triple row-inner\"><div class=\"wpb_column pos-top pos-left align_left column_parent col-lg-12 single-internal-gutter\"><div class=\"uncol style-light shift_y_neg_quad\"  ><div class=\"uncoltable\"><div class=\"uncell\" ><div class=\"uncont single-block-padding col-custom-width\" style=\"max-width:48%;\"><div class=\"vc_custom_heading_wrap\"><div class=\"heading-text el-text heading-bigtext\" ><h2 class=\"bigtext font-weight-100 text-accent-color\" ><span>VILLAS<\/span><\/h2><\/div><div class=\"clear\"><\/div><\/div><\/div><\/div><\/div><\/div><\/div><script id=\"script-row-unique-0\" data-row=\"script-row-unique-0\" type=\"text\/javascript\" class=\"vc_controls\">UNCODE.initRow(document.getElementById(\"row-unique-0\"));<\/script><\/div><\/div><\/div><div data-parent=\"true\" class=\"vc_row row-container\" id=\"row-unique-1\"><div class=\"row no-top-padding double-bottom-padding no-h-padding full-width row-parent\"><div class=\"wpb_row shift_y_neg_double row-inner\"><div class=\"wpb_column pos-top pos-left align_left column_parent col-lg-12 single-internal-gutter\"><div class=\"uncol style-light\"  ><div class=\"uncoltable\"><div class=\"uncell\" ><div class=\"uncont single-block-padding col-custom-width\" style=\"max-width:85%;\"><div class=\"vc_custom_heading_wrap\"><div class=\"heading-text el-text alpha-anim animate_when_almost_visible\" ><p class=\"h3 font-weight-300 text-color-155677-color\" ><span>Todas las casas poseen un alto grado de confort y han sido dise\u00f1adas para que su estancia sea absolutamente placentera. Cuentan con cocinas de dise\u00f1o y mobiliario escogido para crear una atm\u00f3sfera acogedora y relajante en cada una de las estancias.<\/span><\/p><\/div><div class=\"clear\"><\/div><\/div><\/div><\/div><\/div><\/div><\/div><script id=\"script-row-unique-1\" data-row=\"script-row-unique-1\" type=\"text\/javascript\" class=\"vc_controls\">UNCODE.initRow(document.getElementById(\"row-unique-1\"));<\/script><\/div><\/div><\/div><div data-parent=\"true\" class=\"vc_row style-color-130307-bg row-container\" id=\"row-unique-2\"><div class=\"row no-top-padding no-bottom-padding no-h-padding full-width row-parent\"><div class=\"wpb_row shift_y_neg_single row-inner\"><div class=\"wpb_column pos-top pos-center align_center column_parent col-lg-12 single-internal-gutter\"><div class=\"uncol style-light\"  ><div class=\"uncoltable\"><div class=\"uncell no-block-padding\" ><div class=\"uncont\"><div id=\"index-121635\" class=\"isotope-system isotope-general-light grid-general-light\" >\n\t\t\t\n\t\t\t\t\t\t<div class=\"isotope-wrapper grid-wrapper half-gutter\">\t\t\t\t\t\t<div class=\"isotope-container grid-container isotope-layout style-metro isotope-pagination grid-pagination\" data-type=\"metro\" data-layout=\"cellsByRow\" data-lg=\"1000\" data-md=\"600\" data-sm=\"480\" data-vp-height=\"\">\t\t\t<div class=\"tmb atc-typography-inherit tmb-iso-w4 tmb-iso-h3 tmb-light tmb-overlay-text-anim tmb-reveal-bottom tmb-overlay-anim tmb-overlay-middle tmb-overlay-text-center tmb-overlay-text-mobile-center tmb-image-anim  grid-cat-1 tmb-id-55658 tmb-media-first tmb-media-last tmb-content-overlay\" ><div class=\"t-inside style-color-130307-bg animate_when_almost_visible bottom-t-top\" ><div class=\"t-entry-visual\"><div class=\"t-entry-visual-tc\"><div class=\"t-entry-visual-cont\"><a tabindex=\"-1\" href=\"https:\/\/caminodelacruzada.com\/es\/casa-vicente\/\" target=\"_self\" data-lb-index=\"0\"><div class=\"t-entry-visual-overlay\"><div class=\"t-entry-visual-overlay-in style-accent-bg\" style=\"opacity: 0.9;\"><\/div><\/div><div class=\"t-overlay-wrap\"><div class=\"t-overlay-inner\">\n\t\t\t\t\t\t\t\t\t\t\t\t\t\t<div class=\"t-overlay-content\">\n\t\t\t\t\t\t\t\t\t\t\t\t\t\t\t<div class=\"t-overlay-text single-block-padding\"><div class=\"t-entry\"><h3 class=\"t-entry-title font-377884 h3 font-weight-400 title-scale\">CASA VICENTE<\/h3><hr \/><i class=\"fa fa-search t-overlay-icon\"><\/i><\/div><\/div><\/div><\/div><\/div><div class=\"t-background-cover\" style=\"background-image:url('https:\/\/caminodelacruzada.com\/wp-content\/uploads\/2021\/12\/CASAVICENTE_01-uai-1244x933.jpg')\"><\/div><\/a><\/div>\n\t\t\t\t\t<\/div>\n\t\t\t\t<\/div><\/div><\/div><div class=\"tmb atc-typography-inherit tmb-iso-w4 tmb-iso-h3 tmb-light tmb-overlay-text-anim tmb-reveal-bottom tmb-overlay-anim tmb-overlay-middle tmb-overlay-text-center tmb-overlay-text-mobile-center tmb-image-anim  grid-cat-1 tmb-id-55680 tmb-media-first tmb-media-last tmb-content-overlay\" ><div class=\"t-inside style-color-130307-bg animate_when_almost_visible bottom-t-top\" ><div class=\"t-entry-visual\"><div class=\"t-entry-visual-tc\"><div class=\"t-entry-visual-cont\"><a tabindex=\"-1\" href=\"https:\/\/caminodelacruzada.com\/es\/casa-pilar\/\" target=\"_self\" data-lb-index=\"1\"><div class=\"t-entry-visual-overlay\"><div class=\"t-entry-visual-overlay-in style-accent-bg\" style=\"opacity: 0.9;\"><\/div><\/div><div class=\"t-overlay-wrap\"><div class=\"t-overlay-inner\">\n\t\t\t\t\t\t\t\t\t\t\t\t\t\t<div class=\"t-overlay-content\">\n\t\t\t\t\t\t\t\t\t\t\t\t\t\t\t<div class=\"t-overlay-text single-block-padding\"><div class=\"t-entry\"><h3 class=\"t-entry-title font-377884 h3 font-weight-400 title-scale\">CASA PILAR<\/h3><hr \/><i class=\"fa fa-search t-overlay-icon\"><\/i><\/div><\/div><\/div><\/div><\/div><div class=\"t-background-cover\" style=\"background-image:url('https:\/\/caminodelacruzada.com\/wp-content\/uploads\/2021\/12\/CASA-PILAR_21-uai-1244x933.jpg')\"><\/div><\/a><\/div>\n\t\t\t\t\t<\/div>\n\t\t\t\t<\/div><\/div><\/div><div class=\"tmb atc-typography-inherit tmb-iso-w4 tmb-iso-h3 tmb-light tmb-overlay-text-anim tmb-reveal-bottom tmb-overlay-anim tmb-overlay-middle tmb-overlay-text-center tmb-overlay-text-mobile-center tmb-image-anim  grid-cat-1 tmb-id-55992 tmb-media-first tmb-media-last tmb-content-overlay\" ><div class=\"t-inside style-color-130307-bg animate_when_almost_visible bottom-t-top\" ><div class=\"t-entry-visual\"><div class=\"t-entry-visual-tc\"><div class=\"t-entry-visual-cont\"><a tabindex=\"-1\" href=\"https:\/\/caminodelacruzada.com\/es\/casa-pedro\/\" target=\"_self\" data-lb-index=\"2\"><div class=\"t-entry-visual-overlay\"><div class=\"t-entry-visual-overlay-in style-accent-bg\" style=\"opacity: 0.9;\"><\/div><\/div><div class=\"t-overlay-wrap\"><div class=\"t-overlay-inner\">\n\t\t\t\t\t\t\t\t\t\t\t\t\t\t<div class=\"t-overlay-content\">\n\t\t\t\t\t\t\t\t\t\t\t\t\t\t\t<div class=\"t-overlay-text single-block-padding\"><div class=\"t-entry\"><h3 class=\"t-entry-title font-377884 h3 font-weight-400 title-scale\">CASA PEDRO<\/h3><hr \/><i class=\"fa fa-search t-overlay-icon\"><\/i><\/div><\/div><\/div><\/div><\/div><div class=\"t-background-cover\" style=\"background-image:url('https:\/\/caminodelacruzada.com\/wp-content\/uploads\/2021\/12\/CASA_PEDRO_01-uai-1244x933.jpg')\"><\/div><\/a><\/div>\n\t\t\t\t\t<\/div>\n\t\t\t\t<\/div><\/div><\/div>\t\t<\/div>\n\t\n\n\t<\/div>\t\t\t<\/div>\n<\/div><\/div><\/div><\/div><\/div><script id=\"script-row-unique-2\" data-row=\"script-row-unique-2\" type=\"text\/javascript\" class=\"vc_controls\">UNCODE.initRow(document.getElementById(\"row-unique-2\"));<\/script><\/div><\/div><\/div>\n<\/section>","protected":false},"excerpt":{"rendered":"BOOK NOW! CASAPEDROThe most romantic space. Photos FacilitiesIt has an interior of 45 m2 split into two floors and a [...]","protected":false},"author":2,"featured_media":0,"parent":0,"menu_order":0,"comment_status":"open","ping_status":"closed","template":"","meta":{"_exactmetrics_skip_tracking":false,"_exactmetrics_sitenote_active":false,"_exactmetrics_sitenote_note":"","_exactmetrics_sitenote_category":0,"footnotes":""},"_links":{"self":[{"href":"https:\/\/caminodelacruzada.com\/es\/wp-json\/wp\/v2\/pages\/55367"}],"collection":[{"href":"https:\/\/caminodelacruzada.com\/es\/wp-json\/wp\/v2\/pages"}],"about":[{"href":"https:\/\/caminodelacruzada.com\/es\/wp-json\/wp\/v2\/types\/page"}],"author":[{"embeddable":true,"href":"https:\/\/caminodelacruzada.com\/es\/wp-json\/wp\/v2\/users\/2"}],"replies":[{"embeddable":true,"href":"https:\/\/caminodelacruzada.com\/es\/wp-json\/wp\/v2\/comments?post=55367"}],"version-history":[{"count":18,"href":"https:\/\/caminodelacruzada.com\/es\/wp-json\/wp\/v2\/pages\/55367\/revisions"}],"predecessor-version":[{"id":56005,"href":"https:\/\/caminodelacruzada.com\/es\/wp-json\/wp\/v2\/pages\/55367\/revisions\/56005"}],"wp:attachment":[{"href":"https:\/\/caminodelacruzada.com\/es\/wp-json\/wp\/v2\/media?parent=55367"}],"curies":[{"name":"wp","href":"https:\/\/api.w.org\/{rel}","templated":true}]}}