{"id":55816,"date":"2020-07-20T20:39:27","date_gmt":"2020-07-20T20:39:27","guid":{"rendered":"http:\/\/new.haciendacuatroventanas.com\/?page_id=55068"},"modified":"2021-06-08T00:57:44","modified_gmt":"2021-06-08T00:57:44","slug":"covid-19","status":"publish","type":"page","link":"https:\/\/caminodelacruzada.com\/es\/covid-19\/","title":{"rendered":"COVID 19"},"content":{"rendered":"<section class=\"wpb-content-wrapper\"><div data-parent=\"true\" class=\"vc_row row-container\" id=\"row-unique-0\"><div class=\"row no-top-padding double-bottom-padding single-h-padding full-width row-parent\"><div class=\"wpb_row row-inner\"><div class=\"wpb_column pos-bottom pos-center align_left column_parent col-lg-12 single-internal-gutter\"><div class=\"uncol style-light\"  ><div class=\"uncoltable\"><div class=\"uncell no-block-padding\" ><div class=\"uncont\"><div class=\"vc_row row-internal row-container\"><div class=\"row row-child\"><div class=\"wpb_row row-inner\"><div class=\"wpb_column pos-top pos-center align_left column_child col-lg-6 single-internal-gutter\"><div class=\"uncol style-light shift_x_single shift_y_single animate_when_almost_visible bottom-t-top\" data-delay=\"200\"><div class=\"uncoltable\"><div class=\"uncell no-block-padding\" ><div class=\"uncont\"><div class=\"uncode-single-media  text-left\"><div class=\"single-wrapper\" style=\"max-width: 100%;\"><div class=\"tmb tmb-light  tmb-media-first tmb-media-last tmb-content-overlay tmb-no-bg\"><div class=\"t-inside\"><div class=\"t-entry-visual\"><div class=\"t-entry-visual-tc\"><div class=\"uncode-single-media-wrapper\"><img decoding=\"async\" class=\"wp-image-56060\" src=\"https:\/\/caminodelacruzada.com\/wp-content\/uploads\/2019\/11\/pdorta16-Casa-Don%CC%83a-Pilar-Detalle.jpg\" width=\"1920\" height=\"1286\" alt=\"\"><\/div>\n\t\t\t\t\t<\/div>\n\t\t\t\t<\/div><\/div><\/div><\/div><\/div><\/div><\/div><\/div><\/div><\/div><div class=\"wpb_column pos-middle pos-center align_left align_center_tablet align_left_mobile column_child col-lg-6 single-internal-gutter z_index_2\"><div class=\"uncol style-light shift_x_neg_single shift_y_neg_quad animate_when_almost_visible right-t-left\" data-delay=\"600\"><div class=\"uncoltable\"><div class=\"uncell no-block-padding\" ><div class=\"uncont\"><div class=\"vc_custom_heading_wrap\"><div class=\"heading-text el-text heading-bigtext\" ><h1 class=\"bigtext font-weight-100 text-accent-color\" ><span>COVID 19<\/span><\/h1><\/div><div class=\"clear\"><\/div><\/div><div class=\"vc_custom_heading_wrap description\"><div class=\"heading-text el-text\" ><p class=\"h4 font-weight-300 text-color-155677-color\" ><span><strong>ES<\/strong> \/ Asegurar la salud de nuestros hu\u00e9spedes y equipo es nuestra m\u00e1xima prioridad. Desde El Susurro Ecoliving queremos otorgarte una visi\u00f3n detallada de c\u00f3mo ser\u00e1 tu estancia en cualquiera de nuestros alojamientos as\u00ed como en la isla, en caso de que viajes desde el extranjero.<\/span><\/p><\/div><div class=\"clear\"><\/div><\/div><div class=\"vc_custom_heading_wrap description\"><div class=\"heading-text el-text\" ><p class=\"h4 font-weight-300 text-color-155677-color\" ><span><strong>EN<\/strong> \/ The health of our guests and our team is our highest priority. From El Susurro Ecoliving we want to give you a detailed vision of how will be your stay in any of our accommodations and on the island.<\/span><\/p><\/div><div class=\"clear\"><\/div><\/div><\/div><\/div><\/div><\/div><\/div><\/div><\/div><\/div><\/div><\/div><\/div><\/div><\/div><script id=\"script-row-unique-0\" data-row=\"script-row-unique-0\" type=\"text\/javascript\" class=\"vc_controls\">UNCODE.initRow(document.getElementById(\"row-unique-0\"));<\/script><\/div><\/div><\/div><div data-parent=\"true\" class=\"vc_row row-container\" id=\"row-unique-1\"><div class=\"row single-top-padding double-bottom-padding single-h-padding full-width row-parent\" data-height-ratio=\"50\"><div class=\"wpb_row row-inner\"><div class=\"wpb_column pos-bottom pos-center align_left column_parent col-lg-12 single-internal-gutter\"><div class=\"uncol style-light\"  ><div class=\"uncoltable\"><div class=\"uncell no-block-padding\" ><div class=\"uncont\"><div class=\"vc_row row-internal row-container\"><div class=\"row row-child\"><div class=\"wpb_row row-inner\"><div class=\"wpb_column pos-top pos-center align_left column_child col-lg-12 single-internal-gutter\"><div class=\"uncol style-light shift_x_single shift_y_single animate_when_almost_visible bottom-t-top\" data-delay=\"200\"><div class=\"uncoltable\"><div class=\"uncell no-block-padding\" ><div class=\"uncont\"><div class=\"vc_custom_heading_wrap facilities\"><div class=\"heading-text el-text\" ><\/p>\n<h3><strong>ESPA\u00d1OL<\/strong><\/h3>\n<ul>\n<li>Un denominador com\u00fan en todas las propiedades de El Susurro Ecoliving es su <strong>localizaci\u00f3n e independencia<\/strong> en uno de los conjuntos hist\u00f3ricos m\u00e1s importantes de la isla. <strong>Seguridad y privacidad<\/strong> en un n\u00facleo de poblaci\u00f3n con una densidad de 176 Habitantes por km2.<\/li>\n<li>Cada una de nuestras <strong>casas es totalmente privada para nuestros hu\u00e9spedes<\/strong>. La villa de cada hu\u00e9sped esta equipada con 2 dormitorios, cocina, sal\u00f3n, cuarto de ba\u00f1o y terraza de uso privativo.<\/li>\n<li><strong>M\u00e1ximo respeto por el espacio vital \/ privacidad de nuestros hu\u00e9spedes<\/strong>. El Susurro Ecoliving ofrece un servicio de traje a medida a nuestros hu\u00e9spedes. En este sentido hemos desarrollado una potente red de servicios telem\u00e1ticos que nos permiten eliminar el contacto con los hu\u00e9spedes que deseen sentirse<br \/>\ntotalmente aislados (*), sin renunciar por ello a nuestro trato personalizado.<\/p>\n<ul>\n<li>Gesti\u00f3n de <strong>check in \/ check out telem\u00e1tica<\/strong><\/li>\n<li><strong>Asignaci\u00f3n de un \u201cgestor de hu\u00e9sped\u201d<\/strong> disponible en todo momento v\u00eda sms \/ tel\u00e9fono \/ mail<\/li>\n<li>Pertenecer al club Canaryessence nos permite tener una <strong>Aplicaci\u00f3n m\u00f3vil APP de desarrollo propio<\/strong> como soporte de informaci\u00f3n y plataforma alternativa para contratar servicios, tanto en el alojamiento como en la isla.<\/li>\n<\/ul>\n<\/li>\n<li style=\"list-style-type: none;\">\n<ul>\n<li>(*) Seguiremos ofreciendo el mismo servicio de manera presencial a los hu\u00e9spedes que lo deseen. Nos encanta ser vuestro compa\u00f1ero de viaje en Tenerife e intercambiar nuestras vivencias.<\/li>\n<\/ul>\n<\/li>\n<li><strong>Pol\u00edtica de cancelaci\u00f3n totalmente flexible para nuevas reservas<\/strong>, tanto en el cambio de fechas como de reembolso, en caso de cualquier incidencia relacionada con el COVID 19.<\/li>\n<li><strong>Minucioso protocolo de limpieza establecido por la OMS especifico para el COVID19<\/strong> (Organizaci\u00f3n Mundial de la Salud). Adjunto <a href=\"https:\/\/apps.who.int\/iris\/bitstream\/handle\/10665\/331638\/WHO-2019-nCoV-Hotels-2020.1-eng.pdf\">link<\/a> con el detalle.<\/li>\n<li><strong>Protocolo de seguridad e higiene<\/strong>. Estricto cumplimiento de la normativa de auto seguridad. Se<br \/>\nha realizado una formaci\u00f3n especifica a todo el equipo y realizamos una labor de planificaci\u00f3n muy minuciosa dividiendo el equipo por zonas y franjas horarias.<\/li>\n<li><strong>Protocolo anfitri\u00f3n-Hu\u00e9sped<\/strong>. Todas las medidas enunciadas anteriormente tienen como objetivo<br \/>\nproteger la seguridad f\u00edsica y mental de nuestros hu\u00e9spedes. Sois nuestra m\u00e1xima preocupaci\u00f3n:<\/p>\n<ul>\n<li>Se consensuar\u00e1 con el hu\u00e9sped durante el check-in el horario de limpieza para minimizar el contacto.<\/li>\n<li>Protocolo de actuaci\u00f3n en caso de contagio coordinado con las autoridades sanitarias locales y centros hospitalarios.<\/li>\n<li>Registro interno de todas las interacciones.<\/li>\n<\/ul>\n<\/li>\n<li>Consulta la <strong>situaci\u00f3n actual del COVID 19 en Tenerife<\/strong> en el siguiente\u00a0<a href=\"https:\/\/grafcan1.maps.arcgis.com\/apps\/opsdashboard\/index.html\">link<\/a><\/li>\n<\/ul>\n<p>En las Islas Canarias trabajamos intensamente cada d\u00eda para que puedas visitarnos con las m\u00e1ximas condiciones de seguridad, higiene y calidad. Actualmente contamos con uno de los \u00edndices epidemiol\u00f3gicos m\u00e1s bajos de Europa y el m\u00e1s bajo de Espa\u00f1a.<\/p>\n<p>En este sentido, el Gobierno de Canarias exige 2 tr\u00e1mites para viajar a Canarias de obligado cumplimiento para velar por la seguridad de nuestros viajeros:<\/p>\n<ul>\n<li><strong>A PARTIR DEL 14 DE NOVIEMBRE DE 2020 y m\u00e1ximo 72 horas antes<\/strong>:\u00a0Test de diagn\u00f3stico de infecci\u00f3n activa por COVID-19 con resultado negativo. Lo deber\u00e1s presentar durante el check in en el alojamiento tur\u00edstico de tu elecci\u00f3n. Excepcionalmente, en el supuesto de que el usuario tur\u00edstico no acredite su sometimiento al test diagn\u00f3stico, pero demuestre su disponibilidad para realiz\u00e1rselo, podr\u00e1 autorizarse su acceso y pernoctaci\u00f3n el tiempo imprescindible para obtener los resultados. En este caso, el usuario tur\u00edstico no podr\u00e1 abandonar la habitaci\u00f3n salvo para realizar el test y recoger los resultados.<\/li>\n<li>Adicionalmente deber\u00e1 descargar y mantener activa durante su estancia en las islas, as\u00ed como los 15 d\u00edas inmediatamente posteriores a su regreso a su lugar de origen, la aplicaci\u00f3n m\u00f3vil de alerta de contagios \u201cRadar Covid\u201d.<\/li>\n<\/ul>\n<p>Informaci\u00f3n detallada en el siguiente link del Gobierno de Canarias: <a href=\"https:\/\/www.holaislascanarias.com\/coronavirus\/?_ga=2.101486849.1072533656.1604764515-585100109.1589382112\">LINK<\/a><\/p>\n<\/div><div class=\"clear\"><\/div><\/div><div class=\"vc_custom_heading_wrap facilities\"><div class=\"heading-text el-text\" ><\/p>\n<h3><strong>ENGLISH<\/strong><\/h3>\n<ul>\n<li>A common denominator in all the of our properties is its privileged location and the immersive experience in natural environments. <strong>Security and privacy<\/strong> in a population with a density of 176 inhabitants per km2.<\/li>\n<li><b>Each villa is totally private for the guest<\/b>. The villas are equipped with 2 bedroom, kitchen, living room, bathroom and terrace for private use.<\/li>\n<li><b>Maximum respect for the privacy &amp; living space of our guests<\/b>. We offers a tailored service to our guests. In this sense, we have developed a powerful network of telematics services that allow us to eliminate contact with guests who wish to feel totally isolated (*), without renouncing our personalized service.\n<ul>\n<li><b>Telematics check in \/ check out<\/b><\/li>\n<li><b>Guest concierge service&#8221; available at any time via sms \/ phone \/ mail<\/b><\/li>\n<li>Belonging to the Canary Essence club allows us to have a <strong>self-developed mobile application<\/strong> as an information support and alternative platform to contract services, both within the accommodation and on the island.<\/li>\n<li>(*) We will continue the personal service to guests who doesn&#8217;t mind to have the contact with our team members. We love being your travel partner in Tenerife and share with our guest our \u00a0 experiences.<\/li>\n<\/ul>\n<\/li>\n<li><b>Flexible cancellation policy for new reservations<\/b>, Free modification of dates in case of any incident related to COVID 19<\/li>\n<li><b>Meticulous cleaning protocol<\/b>\u00a0established by the WHO (World Health Organization) specific for the COVID 19. Find attached the details in the following\u00a0<a href=\"https:\/\/apps.who.int\/iris\/bitstream\/handle\/10665\/331638\/WHO-2019-nCoV-Hotels-2020.1-eng.pdf\">link<\/a>.<\/li>\n<li><b>Protocol El Susurro Ecoliving Staff members<\/b>. Each member of our staff is part of the El Susurro Ecoliving family, we take care of each other: Strict control of the self-safety regulations. Specific training has been carried out for the entire team. Meticulous work planning dividing the team by areas and time zones<\/li>\n<li><b>Protocol El Susurro Ecoliving staff members \u2013 Guests<\/b>. All above-mentioned measures aim to protect the physical and mental safety of our guests. You are our main concern:\n<ul>\n<li><b>Cleaning hours will be coordinated with the guest during the check-in\u00a0<\/b>in order to minimize contact with the cleaning team.<\/li>\n<li><b>Action protocol in case of infection<\/b>\u00a0coordinated with local health authorities and hospitals.<\/li>\n<li>Internal record of all\u00a0<b>interactions<\/b>\u00a0in case needed.<\/li>\n<\/ul>\n<\/li>\n<li>Check the current situation of COVID 19 in Tenerife in the following\u00a0<a href=\"https:\/\/grafcan1.maps.arcgis.com\/apps\/opsdashboard\/index.html\">link<\/a><\/li>\n<\/ul>\n<p>In Canary Islands we work hard every day so you can visit us in optimal conditions of safety, hygiene and quality. Ours is one of the lowest epidemiological indices in Europe and the lowest in Spain.<\/p>\n<p>In this sense, the Government of the Canary Islands requires 2 procedures to travel to the Canary Islands that are mandatory to ensure the safety of the travelers:<\/p>\n<ul>\n<li><strong>FROM NOVEMBER 14 and no more than 72 hours before you travel:<\/strong>Test to diagnose active COVID-19 infection with negative result. This must be submitted when you check into your chosen tourist accommodation. Exceptionally, in the event that the tourist user does not accredit his submission to the diagnostic test, but demonstrates his availability to perform it, his access and overnight stay may be authorized for the time necessary to obtain the results. In this case, the tourist user will not be able to leave the room except to take the test and collect the results.<\/li>\n<li>Additionally, you must download and keep active during your stay on the islands, as well as the 15 days immediately after your return to your place of origin, the mobile application for the alert of contagions &#8220;Radar Covid&#8221;<\/li>\n<\/ul>\n<p>Detailed information in the following link of the Government of the Canary Islands: <a href=\"https:\/\/www.hellocanaryislands.com\/coronavirus\/\">LINK<\/a><\/p>\n<\/div><div class=\"clear\"><\/div><\/div><\/div><\/div><\/div><\/div><\/div><\/div><\/div><\/div><\/div><\/div><\/div><\/div><\/div><script id=\"script-row-unique-1\" data-row=\"script-row-unique-1\" type=\"text\/javascript\" class=\"vc_controls\">UNCODE.initRow(document.getElementById(\"row-unique-1\"));<\/script><\/div><\/div><\/div>\n<\/section>","protected":false},"excerpt":{"rendered":"COVID 19ES \/ Asegurar la salud de nuestros hu\u00e9spedes y equipo es nuestra m\u00e1xima prioridad. Desde El Susurro Ecoliving queremos [...]","protected":false},"author":2,"featured_media":0,"parent":0,"menu_order":0,"comment_status":"closed","ping_status":"closed","template":"","meta":{"_exactmetrics_skip_tracking":false,"_exactmetrics_sitenote_active":false,"_exactmetrics_sitenote_note":"","_exactmetrics_sitenote_category":0,"footnotes":""},"_links":{"self":[{"href":"https:\/\/caminodelacruzada.com\/es\/wp-json\/wp\/v2\/pages\/55816"}],"collection":[{"href":"https:\/\/caminodelacruzada.com\/es\/wp-json\/wp\/v2\/pages"}],"about":[{"href":"https:\/\/caminodelacruzada.com\/es\/wp-json\/wp\/v2\/types\/page"}],"author":[{"embeddable":true,"href":"https:\/\/caminodelacruzada.com\/es\/wp-json\/wp\/v2\/users\/2"}],"replies":[{"embeddable":true,"href":"https:\/\/caminodelacruzada.com\/es\/wp-json\/wp\/v2\/comments?post=55816"}],"version-history":[{"count":8,"href":"https:\/\/caminodelacruzada.com\/es\/wp-json\/wp\/v2\/pages\/55816\/revisions"}],"predecessor-version":[{"id":55987,"href":"https:\/\/caminodelacruzada.com\/es\/wp-json\/wp\/v2\/pages\/55816\/revisions\/55987"}],"wp:attachment":[{"href":"https:\/\/caminodelacruzada.com\/es\/wp-json\/wp\/v2\/media?parent=55816"}],"curies":[{"name":"wp","href":"https:\/\/api.w.org\/{rel}","templated":true}]}}